{"id":26,"date":"2022-07-02T17:04:21","date_gmt":"2022-07-02T17:04:21","guid":{"rendered":"https:\/\/costaricarealestatemagazine.com\/?page_id=26"},"modified":"2024-04-11T03:32:08","modified_gmt":"2024-04-11T03:32:08","slug":"about","status":"publish","type":"page","link":"https:\/\/costaricarealestatemagazine.com\/es\/about\/","title":{"rendered":"El editor"},"content":{"rendered":"<div data-elementor-type=\"wp-page\" data-elementor-id=\"26\" class=\"elementor elementor-26\">\n\t\t\t\t\t\t<section class=\"elementor-section elementor-top-section elementor-element elementor-element-0b1b2fb elementor-section-boxed elementor-section-height-default elementor-section-height-default\" data-id=\"0b1b2fb\" data-element_type=\"section\" data-e-type=\"section\">\n\t\t\t\t\t\t<div class=\"elementor-container elementor-column-gap-default\">\n\t\t\t\t\t<div class=\"elementor-column elementor-col-100 elementor-top-column elementor-element elementor-element-a29123e\" data-id=\"a29123e\" data-element_type=\"column\" data-e-type=\"column\">\n\t\t\t<div class=\"elementor-widget-wrap elementor-element-populated\">\n\t\t\t\t\t\t<div class=\"elementor-element elementor-element-0dcf1a0 elementor-widget elementor-widget-spacer\" data-id=\"0dcf1a0\" data-element_type=\"widget\" data-e-type=\"widget\" data-widget_type=\"spacer.default\">\n\t\t\t\t<div class=\"elementor-widget-container\">\n\t\t\t\t\t\t\t<div class=\"elementor-spacer\">\n\t\t\t<div class=\"elementor-spacer-inner\"><\/div>\n\t\t<\/div>\n\t\t\t\t\t\t<\/div>\n\t\t\t\t<\/div>\n\t\t\t\t\t<\/div>\n\t\t<\/div>\n\t\t\t\t\t<\/div>\n\t\t<\/section>\n\t\t\t\t<section class=\"elementor-section elementor-top-section elementor-element elementor-element-8dc74ce elementor-section-boxed elementor-section-height-default elementor-section-height-default elementor-invisible\" data-id=\"8dc74ce\" data-element_type=\"section\" data-e-type=\"section\" data-settings=\"{&quot;animation&quot;:&quot;fadeIn&quot;}\">\n\t\t\t\t\t\t<div class=\"elementor-container elementor-column-gap-default\">\n\t\t\t\t\t<div class=\"elementor-column elementor-col-100 elementor-top-column elementor-element elementor-element-aed167c\" data-id=\"aed167c\" data-element_type=\"column\" data-e-type=\"column\">\n\t\t\t<div class=\"elementor-widget-wrap elementor-element-populated\">\n\t\t\t\t\t\t<div class=\"elementor-element elementor-element-5efb57a elementor-widget elementor-widget-image\" data-id=\"5efb57a\" data-element_type=\"widget\" data-e-type=\"widget\" data-widget_type=\"image.default\">\n\t\t\t\t<div class=\"elementor-widget-container\">\n\t\t\t\t\t\t\t\t\t\t\t\t\t\t\t<img decoding=\"async\" src=\"https:\/\/costaricarealestatemagazine.com\/wp-content\/uploads\/elementor\/thumbs\/ARTE-DEL-ABOUT-prm1ggi7jxkvuitanac6dxhkeubiictaqff5vim91a.jpg\" title=\"ARTE-DEL-ABOUT\" alt=\"ARTE-DEL-ABOUT\" loading=\"lazy\" \/>\t\t\t\t\t\t\t\t\t\t\t\t\t\t\t<\/div>\n\t\t\t\t<\/div>\n\t\t\t\t\t<\/div>\n\t\t<\/div>\n\t\t\t\t\t<\/div>\n\t\t<\/section>\n\t\t\t\t<section class=\"elementor-section elementor-top-section elementor-element elementor-element-a77c94c elementor-section-boxed elementor-section-height-default elementor-section-height-default elementor-invisible\" data-id=\"a77c94c\" data-element_type=\"section\" data-e-type=\"section\" data-settings=\"{&quot;animation&quot;:&quot;fadeIn&quot;}\">\n\t\t\t\t\t\t<div class=\"elementor-container elementor-column-gap-default\">\n\t\t\t\t\t<div class=\"elementor-column elementor-col-100 elementor-top-column elementor-element elementor-element-95a51b1\" data-id=\"95a51b1\" data-element_type=\"column\" data-e-type=\"column\">\n\t\t\t<div class=\"elementor-widget-wrap elementor-element-populated\">\n\t\t\t\t\t\t<div class=\"elementor-element elementor-element-d31cb28 elementor-widget elementor-widget-heading\" data-id=\"d31cb28\" data-element_type=\"widget\" data-e-type=\"widget\" data-widget_type=\"heading.default\">\n\t\t\t\t<div class=\"elementor-widget-container\">\n\t\t\t\t\t<h2 class=\"elementor-heading-title elementor-size-default\">Nuestra historia<\/h2>\t\t\t\t<\/div>\n\t\t\t\t<\/div>\n\t\t\t\t\t<\/div>\n\t\t<\/div>\n\t\t\t\t\t<\/div>\n\t\t<\/section>\n\t\t\t\t<section class=\"elementor-section elementor-top-section elementor-element elementor-element-035d4af elementor-section-boxed elementor-section-height-default elementor-section-height-default elementor-invisible\" data-id=\"035d4af\" data-element_type=\"section\" data-e-type=\"section\" data-settings=\"{&quot;animation&quot;:&quot;fadeIn&quot;}\">\n\t\t\t\t\t\t<div class=\"elementor-container elementor-column-gap-default\">\n\t\t\t\t\t<div class=\"elementor-column elementor-col-100 elementor-top-column elementor-element elementor-element-ac800dd\" data-id=\"ac800dd\" data-element_type=\"column\" data-e-type=\"column\">\n\t\t\t<div class=\"elementor-widget-wrap elementor-element-populated\">\n\t\t\t\t\t\t<div class=\"elementor-element elementor-element-a8ce4ad elementor-widget elementor-widget-text-editor\" data-id=\"a8ce4ad\" data-element_type=\"widget\" data-e-type=\"widget\" data-widget_type=\"text-editor.default\">\n\t\t\t\t<div class=\"elementor-widget-container\">\n\t\t\t\t\t\t\t\t\t<p>Saludos a todos, soy Suyen Arviz\u00fa I. y soy uno de los dos fundadores originales de la Revista de Bienes Ra\u00edces de Costa Rica, la revista fue fundada hacia finales de 1997, y en ese momento no hab\u00eda ninguna otra revista impresa de Bienes Ra\u00edces en el pa\u00eds.  Unos a\u00f1os m\u00e1s tarde se fundaron otras revistas de la competencia en Costa Rica, pero todas han ido y venido en estos \u00faltimos a\u00f1os, pero nuestra revista sigue aqu\u00ed y creciendo.<\/p><p>Cuando la revista comenz\u00f3, el costo de impresi\u00f3n a todo color era extremadamente alto, por lo que ofrecimos anuncios en blanco y negro con la opci\u00f3n de que los anunciantes m\u00e1s grandes colocaran anuncios a todo color a un costo mayor.  Por lo tanto, anunciantes como Century 21 Marina Trading Post, CARICO Real Estate, Isthmus Real Estate, Century 21 TK, Pitts Aviation, Tortuga Villas, Hotel Villas Playa Samara, Vista del Tropico, Los Delfines y Costa Rica Highlights Tours fueron algunas de las empresas establecidas desde hace tiempo que estaban dispuestas a pagar un precio superior para que sus anuncios aparecieran en la revista a todo color.<\/p><p>Pudimos ver el comienzo y ser parte de la promoci\u00f3n de muchos nuevos desarrollos, incluyendo estar presentes para la colocaci\u00f3n de la primera piedra con la presencia del Presidente de Costa Rica en ese momento, el Sr. Miguel \u00c1ngel Rodr\u00edguez en el desarrollo de la Marina, Campo de Golf y Resort Los Sue\u00f1os en Playa Herradura en la Costa del Pac\u00edfico Central.<\/p><p>La revista siempre ha tenido distribuci\u00f3n de los n\u00fameros impresos en toda Costa Rica, incluyendo las costas del Pac\u00edfico Sur, Central y Norte, as\u00ed como las \u00e1reas metropolitanas de San Jos\u00e9, Heredia y Alajuela.  En los \u00faltimos 5 a\u00f1os hemos a\u00f1adido la distribuci\u00f3n en las principales exposiciones y ferias en Am\u00e9rica del Norte, incluyendo las m\u00e1s grandes exposiciones de yates en el mundo en Miami y Ft. Lauderdale y las principales ferias de viajes como la de Nueva York y la de Los \u00c1ngeles.  Adem\u00e1s tenemos la versi\u00f3n digital de la revista en l\u00ednea con la mejor aplicaci\u00f3n disponible para publicaciones digitales.  \u00a1A medida que Costa Rica recupera su normalidad tur\u00edstica y a medida que el inter\u00e9s no s\u00f3lo en visitar sino tambi\u00e9n en reubicarse, retirarse e invertir en Costa Rica crece enormemente, nos aseguramos de que la revista llegue a m\u00e1s y m\u00e1s personas y ayude a nuestros anunciantes a alcanzar sus objetivos de ventas como lo hemos hecho durante los \u00faltimos 25 a\u00f1os!<\/p>\t\t\t\t\t\t\t\t<\/div>\n\t\t\t\t<\/div>\n\t\t\t\t\t<\/div>\n\t\t<\/div>\n\t\t\t\t\t<\/div>\n\t\t<\/section>\n\t\t\t\t<section class=\"elementor-section elementor-top-section elementor-element elementor-element-6bf0965 elementor-section-height-min-height elementor-section-boxed elementor-section-height-default elementor-section-items-middle\" data-id=\"6bf0965\" data-element_type=\"section\" data-e-type=\"section\" data-settings=\"{&quot;background_background&quot;:&quot;classic&quot;}\">\n\t\t\t\t\t\t<div class=\"elementor-container elementor-column-gap-default\">\n\t\t\t\t\t<div class=\"elementor-column elementor-col-100 elementor-top-column elementor-element elementor-element-89e85b0\" data-id=\"89e85b0\" data-element_type=\"column\" data-e-type=\"column\">\n\t\t\t<div class=\"elementor-widget-wrap\">\n\t\t\t\t\t\t\t<\/div>\n\t\t<\/div>\n\t\t\t\t\t<\/div>\n\t\t<\/section>\n\t\t\t\t<section class=\"elementor-section elementor-top-section elementor-element elementor-element-424e7f6 elementor-section-boxed elementor-section-height-default elementor-section-height-default\" data-id=\"424e7f6\" data-element_type=\"section\" data-e-type=\"section\">\n\t\t\t\t\t\t<div class=\"elementor-container elementor-column-gap-default\">\n\t\t\t\t\t<div class=\"elementor-column elementor-col-100 elementor-top-column elementor-element elementor-element-f957b9a\" data-id=\"f957b9a\" data-element_type=\"column\" data-e-type=\"column\">\n\t\t\t<div class=\"elementor-widget-wrap elementor-element-populated\">\n\t\t\t\t\t\t<div class=\"elementor-element elementor-element-79a8af4 elementor-widget-divider--view-line_icon elementor-view-default elementor-widget-divider--element-align-center elementor-widget elementor-widget-divider\" data-id=\"79a8af4\" data-element_type=\"widget\" data-e-type=\"widget\" data-widget_type=\"divider.default\">\n\t\t\t\t<div class=\"elementor-widget-container\">\n\t\t\t\t\t\t\t<div class=\"elementor-divider\">\n\t\t\t<span class=\"elementor-divider-separator\">\n\t\t\t\t\t\t\t<div class=\"elementor-icon elementor-divider__element\">\n\t\t\t\t\t<i aria-hidden=\"true\" class=\"far fa-bookmark\"><\/i><\/div>\n\t\t\t\t\t\t<\/span>\n\t\t<\/div>\n\t\t\t\t\t\t<\/div>\n\t\t\t\t<\/div>\n\t\t\t\t\t<\/div>\n\t\t<\/div>\n\t\t\t\t\t<\/div>\n\t\t<\/section>\n\t\t\t\t<section class=\"elementor-section elementor-top-section elementor-element elementor-element-97d05e1 elementor-section-boxed elementor-section-height-default elementor-section-height-default elementor-invisible\" data-id=\"97d05e1\" data-element_type=\"section\" data-e-type=\"section\" data-settings=\"{&quot;animation&quot;:&quot;fadeIn&quot;}\">\n\t\t\t\t\t\t<div class=\"elementor-container elementor-column-gap-default\">\n\t\t\t\t\t<div class=\"elementor-column elementor-col-100 elementor-top-column elementor-element elementor-element-d34083e\" data-id=\"d34083e\" data-element_type=\"column\" data-e-type=\"column\">\n\t\t\t<div class=\"elementor-widget-wrap elementor-element-populated\">\n\t\t\t\t\t\t<div class=\"elementor-element elementor-element-03430e8 elementor-widget elementor-widget-heading\" data-id=\"03430e8\" data-element_type=\"widget\" data-e-type=\"widget\" data-widget_type=\"heading.default\">\n\t\t\t\t<div class=\"elementor-widget-container\">\n\t\t\t\t\t<h2 class=\"elementor-heading-title elementor-size-default\">Words from the publisher<\/h2>\t\t\t\t<\/div>\n\t\t\t\t<\/div>\n\t\t\t\t\t<\/div>\n\t\t<\/div>\n\t\t\t\t\t<\/div>\n\t\t<\/section>\n\t\t\t\t<section class=\"elementor-section elementor-top-section elementor-element elementor-element-899a1f9 elementor-section-boxed elementor-section-height-default elementor-section-height-default elementor-invisible\" data-id=\"899a1f9\" data-element_type=\"section\" data-e-type=\"section\" data-settings=\"{&quot;animation&quot;:&quot;fadeIn&quot;}\">\n\t\t\t\t\t\t<div class=\"elementor-container elementor-column-gap-default\">\n\t\t\t\t\t<div class=\"elementor-column elementor-col-100 elementor-top-column elementor-element elementor-element-bcf3fa2\" data-id=\"bcf3fa2\" data-element_type=\"column\" data-e-type=\"column\">\n\t\t\t<div class=\"elementor-widget-wrap elementor-element-populated\">\n\t\t\t\t\t\t<div class=\"elementor-element elementor-element-67c290a elementor-widget elementor-widget-text-editor\" data-id=\"67c290a\" data-element_type=\"widget\" data-e-type=\"widget\" data-widget_type=\"text-editor.default\">\n\t\t\t\t<div class=\"elementor-widget-container\">\n\t\t\t\t\t\t\t\t\t<img fetchpriority=\"high\" decoding=\"async\" class=\"size-medium wp-image-2668 alignleft\" src=\"https:\/\/costaricarealestatemagazine.com\/wp-content\/uploads\/2022\/07\/foto-de-michelle-shadow-2-260x300.png\" alt=\"\" width=\"260\" height=\"300\" srcset=\"https:\/\/costaricarealestatemagazine.com\/wp-content\/uploads\/2022\/07\/foto-de-michelle-shadow-2-260x300.png 260w, https:\/\/costaricarealestatemagazine.com\/wp-content\/uploads\/2022\/07\/foto-de-michelle-shadow-2-600x694.png 600w, https:\/\/costaricarealestatemagazine.com\/wp-content\/uploads\/2022\/07\/foto-de-michelle-shadow-2-10x12.png 10w, https:\/\/costaricarealestatemagazine.com\/wp-content\/uploads\/2022\/07\/foto-de-michelle-shadow-2.png 744w\" sizes=\"(max-width:767px) 260px, 260px\" \/><p>Estimados Anunciantes y Lectores, soy Suyen Arviz\u00fa, propietaria de Costa Rica Real Estate Magazine, residente Nicaraguense,divorciada y madre de 4 hermosos hijos que Dios me concedio.Espero se encuentren a salvo del COVID 19. Manteniendo las medidas de prevenci\u00f3n para ustedes y sus seres queridos y trabajadores.Gracias por ser parte de esta nueva y renovada edici\u00f3n, espero que les guste mucho, estamos abiertos a consejos y cr\u00edticas constructivas de parte de todos, siempre estamos muy interesados en mejorar nuestra publicaci\u00f3n.\n<\/p>\n<br>\n<p>\nNuestro inter\u00e9s es que su empresa reciba la mayor exposici\u00f3n con la menor inversi\u00f3n posible, tanto a nivel nacional como internacional, impresa y en l\u00ednea.<p>\n\n<p>Este 2021 y 2022 es un periodo de estabilizaci\u00f3n en donde alcanzar las metas de visitaci\u00f3n seg\u00fan estad\u00edsticas del se\u00f1or Rub\u00e9n Le\u00f3n, Presidente de CANATUR depende en un 100% de todo lo proactivo y creativos que seamos como empresarios, ya que la publicidad es la \u00fanica forma de llegar a nuestros prospectos potenciales, tanto a nivel nacional como internacional, recordemos que ahora m\u00e1s que nunca es el momento correcto para tener la mayor exposici\u00f3n posible, aprovechando que Costa Rica es el destino m\u00e1s recomendado para retirados, inversionistas y turistas seg\u00fan especiales de diferentes entes a nivel mundial como la ONU.<\/p>\n\n<p>En palabras del presidente de CANATUR hay pa\u00edses luchando a muerte por tener la visitaci\u00f3n que tiene Costa Rica. Recordemos que todo inversionista entra a costa Rica inicialmente como turista para conocer el pa\u00eds y luego de un par de visitas decidir donde invertir.<\/p>\n\n<p>Recordemos que el miedo es el peor enemigo al \u00e9xito, pidamos sabidur\u00eda, creatividad y a darle duro con todo, si sepuede.<\/p>\n\n<p>Saludos y Muchas Bendiciones.<\/p>\t\t\t\t\t\t\t\t<\/div>\n\t\t\t\t<\/div>\n\t\t\t\t\t<\/div>\n\t\t<\/div>\n\t\t\t\t\t<\/div>\n\t\t<\/section>\n\t\t\t\t<section class=\"elementor-section elementor-top-section elementor-element elementor-element-6c13317 elementor-section-boxed elementor-section-height-default elementor-section-height-default\" data-id=\"6c13317\" data-element_type=\"section\" data-e-type=\"section\">\n\t\t\t\t\t\t<div class=\"elementor-container elementor-column-gap-default\">\n\t\t\t\t\t<div class=\"elementor-column elementor-col-100 elementor-top-column elementor-element elementor-element-9e2d5ca\" data-id=\"9e2d5ca\" data-element_type=\"column\" data-e-type=\"column\">\n\t\t\t<div class=\"elementor-widget-wrap elementor-element-populated\">\n\t\t\t\t\t\t<div class=\"elementor-element elementor-element-9357792 elementor-widget elementor-widget-spacer\" data-id=\"9357792\" data-element_type=\"widget\" data-e-type=\"widget\" data-widget_type=\"spacer.default\">\n\t\t\t\t<div class=\"elementor-widget-container\">\n\t\t\t\t\t\t\t<div class=\"elementor-spacer\">\n\t\t\t<div class=\"elementor-spacer-inner\"><\/div>\n\t\t<\/div>\n\t\t\t\t\t\t<\/div>\n\t\t\t\t<\/div>\n\t\t\t\t\t<\/div>\n\t\t<\/div>\n\t\t\t\t\t<\/div>\n\t\t<\/section>\n\t\t\t\t<\/div>","protected":false},"excerpt":{"rendered":"<p>Our Story Greetings to all, I am Suyen Arviz\u00fa I. and I am one of the two original Founders of the Costa Rica Real Estate Magazine,<span class=\"excerpt-hellip\"> [\u2026]<\/span><\/p>\n","protected":false},"author":1,"featured_media":0,"parent":0,"menu_order":0,"comment_status":"closed","ping_status":"closed","template":"elementor_header_footer","meta":{"om_disable_all_campaigns":false,"_monsterinsights_skip_tracking":false,"_monsterinsights_sitenote_active":false,"_monsterinsights_sitenote_note":"","_monsterinsights_sitenote_category":0,"_uf_show_specific_survey":0,"_uf_disable_surveys":false,"footnotes":""},"class_list":["post-26","page","type-page","status-publish","hentry"],"aioseo_notices":[],"_links":{"self":[{"href":"https:\/\/costaricarealestatemagazine.com\/es\/wp-json\/wp\/v2\/pages\/26","targetHints":{"allow":["GET"]}}],"collection":[{"href":"https:\/\/costaricarealestatemagazine.com\/es\/wp-json\/wp\/v2\/pages"}],"about":[{"href":"https:\/\/costaricarealestatemagazine.com\/es\/wp-json\/wp\/v2\/types\/page"}],"author":[{"embeddable":true,"href":"https:\/\/costaricarealestatemagazine.com\/es\/wp-json\/wp\/v2\/users\/1"}],"replies":[{"embeddable":true,"href":"https:\/\/costaricarealestatemagazine.com\/es\/wp-json\/wp\/v2\/comments?post=26"}],"version-history":[{"count":173,"href":"https:\/\/costaricarealestatemagazine.com\/es\/wp-json\/wp\/v2\/pages\/26\/revisions"}],"predecessor-version":[{"id":6082,"href":"https:\/\/costaricarealestatemagazine.com\/es\/wp-json\/wp\/v2\/pages\/26\/revisions\/6082"}],"wp:attachment":[{"href":"https:\/\/costaricarealestatemagazine.com\/es\/wp-json\/wp\/v2\/media?parent=26"}],"curies":[{"name":"wp","href":"https:\/\/api.w.org\/{rel}","templated":true}]}}